{"id":55,"date":"2017-11-26T01:15:50","date_gmt":"2017-11-26T00:15:50","guid":{"rendered":"http:\/\/www.neptun-germering.de\/SSG_2017\/?page_id=55"},"modified":"2021-01-07T12:11:23","modified_gmt":"2021-01-07T11:11:23","slug":"mitgliedsbeitraege","status":"publish","type":"page","link":"https:\/\/neptun-germering.de\/SSG_2017\/schwimmen\/mitgliedsbeitraege\/","title":{"rendered":"Mitgliedsbeitr\u00e4ge"},"content":{"rendered":"<div class=\"fusion-fullwidth fullwidth-box fusion-builder-row-1 nonhundred-percent-fullwidth non-hundred-percent-height-scrolling\" style=\"background-color: rgba(255,255,255,0);background-position: center center;background-repeat: no-repeat;padding-top:0px;padding-right:0px;padding-bottom:0px;padding-left:0px;margin-bottom: 0px;margin-top: 0px;border-width: 0px 0px 0px 0px;border-color:#eae9e9;border-style:solid;\" ><div class=\"fusion-builder-row fusion-row\"><div class=\"fusion-layout-column fusion_builder_column fusion-builder-column-0 fusion_builder_column_1_1 1_1 fusion-one-full fusion-column-first fusion-column-last\" style=\"margin-top:0px;margin-bottom:20px;\"><div class=\"fusion-column-wrapper fusion-flex-column-wrapper-legacy\" style=\"background-position:left top;background-repeat:no-repeat;-webkit-background-size:cover;-moz-background-size:cover;-o-background-size:cover;background-size:cover;padding: 0px 0px 0px 0px;\"><style type=\"text\/css\"><\/style><div class=\"fusion-title title fusion-title-1 fusion-sep-none fusion-title-text fusion-title-size-four\" style=\"margin-top:0px;margin-right:0px;margin-bottom:12px;margin-left:0px;\"><h4 class=\"title-heading-left fusion-responsive-typography-calculated\" style=\"margin:0;--fontSize:18;line-height:2;\"><h3>Basisbeitrag<\/h3><\/h4><\/div>\n<div class=\"table-2\">\n<table width=\"100%\">\n<thead>\n<tr>\n<th align=\"left\">Beitrag<\/th>\n<th align=\"left\">Monatlich<\/th>\n<\/tr>\n<\/thead>\n<tbody>\n<tr>\n<td align=\"left\">Erstes Kind<\/td>\n<td align=\"left\">10 \u20ac<\/td>\n<\/tr>\n<tr>\n<td align=\"left\">Zweites Kind<\/td>\n<td align=\"left\">7 \u20ac<\/td>\n<\/tr>\n<tr>\n<td align=\"left\">Drittes Kind\u00b9<\/td>\n<td align=\"left\">5,50 \u20ac<\/td>\n<\/tr>\n<tr>\n<td align=\"left\">Erwachsene<\/td>\n<td align=\"left\">14 \u20ac<\/td>\n<\/tr>\n<tr>\n<td align=\"left\">Familien\u00b2<\/td>\n<td align=\"left\">26 \u20ac<\/td>\n<\/tr>\n<\/tbody>\n<\/table>\n<\/div>\n<div class=\"fusion-text fusion-text-1\"><p>\u00b9 Das vierte und alle weiteren Kinder sind beitragsfrei<br \/>\n\u00b2 Eine Familie besteht aus zwei Elternteilen und mindestens einem Kind<\/p>\n<\/div><style type=\"text\/css\"><\/style><div class=\"fusion-title title fusion-title-2 fusion-sep-none fusion-title-text fusion-title-size-four\" style=\"margin-top:0px;margin-right:0px;margin-bottom:12px;margin-left:0px;\"><h4 class=\"title-heading-left fusion-responsive-typography-calculated\" style=\"margin:0;--fontSize:18;line-height:2;\"><h3>Zusatzbeitr\u00e4ge f\u00fcr Wettkampfgruppen\u00b3<\/h3><\/h4><\/div>\n<div class=\"table-2\">\n<table width=\"100%\">\n<thead>\n<tr>\n<th align=\"left\">Beitrag<\/th>\n<th align=\"left\">Monatlich<\/th>\n<\/tr>\n<\/thead>\n<tbody>\n<tr>\n<td align=\"left\">Leistungsgruppe 1<\/td>\n<td align=\"left\">15 \u20ac<\/td>\n<\/tr>\n<tr>\n<td align=\"left\">Leistungsgruppe 2<\/td>\n<td align=\"left\">13 \u20ac<\/td>\n<\/tr>\n<tr>\n<td align=\"left\">Leistungsgruppe 3<\/td>\n<td align=\"left\">12 \u20ac<\/td>\n<\/tr>\n<tr>\n<td align=\"left\">Nachwuchsgruppe 1 &amp; 2<\/td>\n<td align=\"left\">8,50 \u20ac<\/td>\n<\/tr>\n<\/tbody>\n<\/table>\n<\/div>\n<div class=\"fusion-text fusion-text-2\"><p>\u00b3 Der Hintergrund hierf\u00fcr sind die laufend steigenden Startgeb\u00fchren bei Wettk\u00e4mpfen, die K\u00fcrzung der Zusch\u00fcsse von Staat, Land und Kommunen, sowie die Tatsache, dass die Wettkampfgruppen mehr Trainingseinheiten als andere Mitglieder haben.<\/p>\n<\/div><div class=\"fusion-clearfix\"><\/div><\/div><\/div><\/div><\/div>\n","protected":false},"excerpt":{"rendered":"","protected":false},"author":1,"featured_media":0,"parent":543,"menu_order":0,"comment_status":"closed","ping_status":"closed","template":"","meta":{"footnotes":""},"class_list":["post-55","page","type-page","status-publish","hentry"],"_links":{"self":[{"href":"https:\/\/neptun-germering.de\/SSG_2017\/wp-json\/wp\/v2\/pages\/55","targetHints":{"allow":["GET"]}}],"collection":[{"href":"https:\/\/neptun-germering.de\/SSG_2017\/wp-json\/wp\/v2\/pages"}],"about":[{"href":"https:\/\/neptun-germering.de\/SSG_2017\/wp-json\/wp\/v2\/types\/page"}],"author":[{"embeddable":true,"href":"https:\/\/neptun-germering.de\/SSG_2017\/wp-json\/wp\/v2\/users\/1"}],"replies":[{"embeddable":true,"href":"https:\/\/neptun-germering.de\/SSG_2017\/wp-json\/wp\/v2\/comments?post=55"}],"version-history":[{"count":0,"href":"https:\/\/neptun-germering.de\/SSG_2017\/wp-json\/wp\/v2\/pages\/55\/revisions"}],"up":[{"embeddable":true,"href":"https:\/\/neptun-germering.de\/SSG_2017\/wp-json\/wp\/v2\/pages\/543"}],"wp:attachment":[{"href":"https:\/\/neptun-germering.de\/SSG_2017\/wp-json\/wp\/v2\/media?parent=55"}],"curies":[{"name":"wp","href":"https:\/\/api.w.org\/{rel}","templated":true}]}}