{"id":53,"date":"2017-11-26T01:15:27","date_gmt":"2017-11-26T00:15:27","guid":{"rendered":"http:\/\/www.neptun-germering.de\/SSG_2017\/?page_id=53"},"modified":"2025-11-06T14:33:52","modified_gmt":"2025-11-06T13:33:52","slug":"neuanmeldung","status":"publish","type":"page","link":"https:\/\/neptun-germering.de\/SSG_2017\/schwimmen\/neuanmeldung\/","title":{"rendered":"Neuanmeldung"},"content":{"rendered":"<div class=\"fusion-fullwidth fullwidth-box fusion-builder-row-1 nonhundred-percent-fullwidth non-hundred-percent-height-scrolling\" style=\"background-color: rgba(255,255,255,0);background-position: center center;background-repeat: no-repeat;padding-top:0px;padding-right:0px;padding-bottom:0px;padding-left:0px;margin-bottom: 0px;margin-top: 0px;border-width: 0px 0px 0px 0px;border-color:#eae9e9;border-style:solid;\" ><div class=\"fusion-builder-row fusion-row\"><div class=\"fusion-layout-column fusion_builder_column fusion-builder-column-0 fusion_builder_column_1_1 1_1 fusion-one-full fusion-column-first fusion-column-last\" style=\"margin-top:0px;margin-bottom:0px;\"><div class=\"fusion-column-wrapper fusion-flex-column-wrapper-legacy\" style=\"background-position:left top;background-repeat:no-repeat;-webkit-background-size:cover;-moz-background-size:cover;-o-background-size:cover;background-size:cover;padding: 0px 0px 0px 0px;\"><div class=\"fusion-text fusion-text-1\"><h3>Liebe Schwimmsport-Interessierte,<\/h3>\n<p><strong>Da wir nur begrenzte Trainingszeiten haben und unsere Gruppen voll sind, k\u00f6nnen wir baw keine Kinder der Jahrg\u00e4nge 2016 und \u00e4lter <\/strong><strong>aufnehmen.<\/strong><\/p>\n<p>Wir hoffen auf Ihr Verst\u00e4ndnis.<\/p>\n<p>Anfragen f\u00fcr unsere Leistungsgruppen (Voraussetzung u.a. Beherrschen aller 4 Schwimmlagen) k\u00f6nnen direkt an die Gesch\u00e4ftsstelle <a href=\"mailto:ssg@neptun-germering.de\">ssg@neptun-germering.de<\/a> gestellt werden.<\/p>\n<p>Vielen Dank,<br \/>\nSSG Neptun Germering e.V.<\/p>\n<\/div><div class=\"fusion-clearfix\"><\/div><\/div><\/div><\/div><\/div>\n","protected":false},"excerpt":{"rendered":"","protected":false},"author":1,"featured_media":0,"parent":543,"menu_order":0,"comment_status":"closed","ping_status":"closed","template":"","meta":{"footnotes":""},"class_list":["post-53","page","type-page","status-publish","hentry"],"_links":{"self":[{"href":"https:\/\/neptun-germering.de\/SSG_2017\/wp-json\/wp\/v2\/pages\/53","targetHints":{"allow":["GET"]}}],"collection":[{"href":"https:\/\/neptun-germering.de\/SSG_2017\/wp-json\/wp\/v2\/pages"}],"about":[{"href":"https:\/\/neptun-germering.de\/SSG_2017\/wp-json\/wp\/v2\/types\/page"}],"author":[{"embeddable":true,"href":"https:\/\/neptun-germering.de\/SSG_2017\/wp-json\/wp\/v2\/users\/1"}],"replies":[{"embeddable":true,"href":"https:\/\/neptun-germering.de\/SSG_2017\/wp-json\/wp\/v2\/comments?post=53"}],"version-history":[{"count":4,"href":"https:\/\/neptun-germering.de\/SSG_2017\/wp-json\/wp\/v2\/pages\/53\/revisions"}],"predecessor-version":[{"id":5438,"href":"https:\/\/neptun-germering.de\/SSG_2017\/wp-json\/wp\/v2\/pages\/53\/revisions\/5438"}],"up":[{"embeddable":true,"href":"https:\/\/neptun-germering.de\/SSG_2017\/wp-json\/wp\/v2\/pages\/543"}],"wp:attachment":[{"href":"https:\/\/neptun-germering.de\/SSG_2017\/wp-json\/wp\/v2\/media?parent=53"}],"curies":[{"name":"wp","href":"https:\/\/api.w.org\/{rel}","templated":true}]}}