{"id":35,"date":"2017-11-26T01:10:42","date_gmt":"2017-11-26T00:10:42","guid":{"rendered":"http:\/\/www.neptun-germering.de\/SSG_2017\/?page_id=35"},"modified":"2025-11-06T12:44:24","modified_gmt":"2025-11-06T11:44:24","slug":"vereinskleidung","status":"publish","type":"page","link":"https:\/\/neptun-germering.de\/SSG_2017\/verein\/vereinskleidung\/","title":{"rendered":"Vereinskleidung"},"content":{"rendered":"<div class=\"fusion-fullwidth fullwidth-box fusion-builder-row-1 nonhundred-percent-fullwidth non-hundred-percent-height-scrolling\" style=\"background-color: rgba(255,255,255,0);background-position: center center;background-repeat: no-repeat;padding-top:0px;padding-right:0px;padding-bottom:0px;padding-left:0px;margin-bottom: 0px;margin-top: 0px;border-width: 0px 0px 0px 0px;border-color:#eae9e9;border-style:solid;\" ><div class=\"fusion-builder-row fusion-row\"><div class=\"fusion-layout-column fusion_builder_column fusion-builder-column-0 fusion_builder_column_1_1 1_1 fusion-one-full fusion-column-first fusion-column-last\" style=\"margin-top:0px;margin-bottom:20px;\"><div class=\"fusion-column-wrapper fusion-flex-column-wrapper-legacy\" style=\"background-position:left top;background-repeat:no-repeat;-webkit-background-size:cover;-moz-background-size:cover;-o-background-size:cover;background-size:cover;padding: 0px 0px 0px 0px;\"><div class=\"fusion-text fusion-text-1\"><p>Unsere Vereinskleidung wird \u00fcber SPORT HAAS e.K. in K\u00f6nigsbrunn bestellt.<\/p>\n<p>Das Bestellformular (<a href=\"http:\/\/neptun-germering.de\/SSG_2017\/wp-content\/uploads\/2025\/11\/Vereinskleidung2025.pdf\" target=\"_blank\" rel=\"noopener noreferrer\">PDF<\/a>) ist elektronisch auszuf\u00fcllen und per E-Mail an <a title=\"\" href=\"mailto:info@sport-haas.de\" target=\"_blank\" rel=\"noopener noreferrer\">info@sport-haas.de<\/a> zu schicken.<br \/>\nIhr bekommt dann die Auftragsbest\u00e4tigung sowie die Zahlungsbedingungen per E-Mail. Die Ware wird nach Zahlungseingang per Post versendet! F\u00fcr Einzelbestellungen werden ca. 6,95 Euro Versandkosten berechnet.<\/p>\n<p>Wir m\u00f6chten versuchen, regelm\u00e4\u00dfig eine Sammelbestellung zu organisieren. Dazu erhalten alle Vereinsmitglieder rechtzeitig eine Infomail.<\/p>\n<\/div><span class=\" fusion-imageframe imageframe-none imageframe-1 hover-type-zoomin\"><a class=\"fusion-no-lightbox\" href=\"http:\/\/neptun-germering.de\/SSG_2017\/wp-content\/uploads\/2025\/11\/Vereinskleidung2025.pdf\" target=\"_blank\" aria-label=\"Vereinskleidung2025\" rel=\"noopener noreferrer\"><img decoding=\"async\" width=\"212\" height=\"300\" alt=\"Vereinskleidungi\" src=\"https:\/\/neptun-germering.de\/SSG_2017\/wp-content\/uploads\/2025\/11\/Vereinskleidung2025.png\" data-orig-src=\"http:\/\/neptun-germering.de\/SSG_2017\/wp-content\/uploads\/2025\/11\/Vereinskleidung2025-212x300.png\" class=\"lazyload img-responsive wp-image-5428\" srcset=\"data:image\/svg+xml,%3Csvg%20xmlns%3D%27http%3A%2F%2Fwww.w3.org%2F2000%2Fsvg%27%20width%3D%27673%27%20height%3D%27950%27%20viewBox%3D%270%200%20673%20950%27%3E%3Crect%20width%3D%27673%27%20height%3D%27950%27%20fill-opacity%3D%220%22%2F%3E%3C%2Fsvg%3E\" data-srcset=\"https:\/\/neptun-germering.de\/SSG_2017\/wp-content\/uploads\/2025\/11\/Vereinskleidung2025-200x282.png 200w, https:\/\/neptun-germering.de\/SSG_2017\/wp-content\/uploads\/2025\/11\/Vereinskleidung2025-400x565.png 400w, https:\/\/neptun-germering.de\/SSG_2017\/wp-content\/uploads\/2025\/11\/Vereinskleidung2025-600x847.png 600w, https:\/\/neptun-germering.de\/SSG_2017\/wp-content\/uploads\/2025\/11\/Vereinskleidung2025.png 673w, https:\/\/neptun-germering.de\/SSG_2017\/wp-content\/uploads\/2025\/11\/Vereinskleidung2025-800x1130.png 800w\" data-sizes=\"auto\" data-orig-sizes=\"(max-width: 800px) 100vw, 212px\" \/><\/a><\/span><span class=\" fusion-imageframe imageframe-none imageframe-2 hover-type-zoomin\"><a class=\"fusion-no-lightbox\" href=\"http:\/\/neptun-germering.de\/SSG_2017\/wp-content\/uploads\/2025\/11\/jako_groessentabelle.jpg\" target=\"_blank\" aria-label=\"jako_groessentabelle\" rel=\"noopener noreferrer\"><img decoding=\"async\" width=\"300\" height=\"212\" alt=\"Groessentabelle\" src=\"https:\/\/neptun-germering.de\/SSG_2017\/wp-content\/uploads\/2025\/11\/jako_groessentabelle.jpg\" data-orig-src=\"http:\/\/neptun-germering.de\/SSG_2017\/wp-content\/uploads\/2025\/11\/jako_groessentabelle-300x212.jpg\" class=\"lazyload img-responsive wp-image-5422\" srcset=\"data:image\/svg+xml,%3Csvg%20xmlns%3D%27http%3A%2F%2Fwww.w3.org%2F2000%2Fsvg%27%20width%3D%27849%27%20height%3D%27600%27%20viewBox%3D%270%200%20849%20600%27%3E%3Crect%20width%3D%27849%27%20height%3D%27600%27%20fill-opacity%3D%220%22%2F%3E%3C%2Fsvg%3E\" data-srcset=\"https:\/\/neptun-germering.de\/SSG_2017\/wp-content\/uploads\/2025\/11\/jako_groessentabelle-200x141.jpg 200w, https:\/\/neptun-germering.de\/SSG_2017\/wp-content\/uploads\/2025\/11\/jako_groessentabelle-400x283.jpg 400w, https:\/\/neptun-germering.de\/SSG_2017\/wp-content\/uploads\/2025\/11\/jako_groessentabelle-600x424.jpg 600w, https:\/\/neptun-germering.de\/SSG_2017\/wp-content\/uploads\/2025\/11\/jako_groessentabelle-800x565.jpg 800w, https:\/\/neptun-germering.de\/SSG_2017\/wp-content\/uploads\/2025\/11\/jako_groessentabelle.jpg 849w\" data-sizes=\"auto\" data-orig-sizes=\"(max-width: 800px) 100vw, 300px\" \/><\/a><\/span><div class=\"fusion-clearfix\"><\/div><\/div><\/div><\/div><\/div>\n","protected":false},"excerpt":{"rendered":"","protected":false},"author":1,"featured_media":0,"parent":541,"menu_order":0,"comment_status":"closed","ping_status":"closed","template":"","meta":{"footnotes":""},"class_list":["post-35","page","type-page","status-publish","hentry"],"_links":{"self":[{"href":"https:\/\/neptun-germering.de\/SSG_2017\/wp-json\/wp\/v2\/pages\/35","targetHints":{"allow":["GET"]}}],"collection":[{"href":"https:\/\/neptun-germering.de\/SSG_2017\/wp-json\/wp\/v2\/pages"}],"about":[{"href":"https:\/\/neptun-germering.de\/SSG_2017\/wp-json\/wp\/v2\/types\/page"}],"author":[{"embeddable":true,"href":"https:\/\/neptun-germering.de\/SSG_2017\/wp-json\/wp\/v2\/users\/1"}],"replies":[{"embeddable":true,"href":"https:\/\/neptun-germering.de\/SSG_2017\/wp-json\/wp\/v2\/comments?post=35"}],"version-history":[{"count":3,"href":"https:\/\/neptun-germering.de\/SSG_2017\/wp-json\/wp\/v2\/pages\/35\/revisions"}],"predecessor-version":[{"id":5430,"href":"https:\/\/neptun-germering.de\/SSG_2017\/wp-json\/wp\/v2\/pages\/35\/revisions\/5430"}],"up":[{"embeddable":true,"href":"https:\/\/neptun-germering.de\/SSG_2017\/wp-json\/wp\/v2\/pages\/541"}],"wp:attachment":[{"href":"https:\/\/neptun-germering.de\/SSG_2017\/wp-json\/wp\/v2\/media?parent=35"}],"curies":[{"name":"wp","href":"https:\/\/api.w.org\/{rel}","templated":true}]}}