{"id":1707,"date":"2018-08-16T15:40:47","date_gmt":"2018-08-16T13:40:47","guid":{"rendered":"http:\/\/neptun-germering.de\/SSG_2017\/?page_id=1707"},"modified":"2026-03-06T13:25:54","modified_gmt":"2026-03-06T12:25:54","slug":"fortgeschrittener-kraulkurs-2018","status":"publish","type":"page","link":"https:\/\/neptun-germering.de\/SSG_2017\/schwimmkurse\/kurse-fuer-erwachsene\/fortgeschrittener-kraulkurs-2018\/","title":{"rendered":"Fortgeschrittene Kraulkurse"},"content":{"rendered":"<div class=\"fusion-fullwidth fullwidth-box fusion-builder-row-1 nonhundred-percent-fullwidth non-hundred-percent-height-scrolling\" style=\"background-color: rgba(255,255,255,0);background-position: center center;background-repeat: no-repeat;padding-top:0px;padding-right:0px;padding-bottom:0px;padding-left:0px;margin-bottom: 0px;margin-top: 0px;border-width: 0px 0px 0px 0px;border-color:#eae9e9;border-style:solid;\" ><div class=\"fusion-builder-row fusion-row\"><div class=\"fusion-layout-column fusion_builder_column fusion-builder-column-0 fusion_builder_column_1_1 1_1 fusion-one-full fusion-column-first fusion-column-last\" style=\"margin-top:0px;margin-bottom:20px;\"><div class=\"fusion-column-wrapper fusion-flex-column-wrapper-legacy\" style=\"background-position:left top;background-repeat:no-repeat;-webkit-background-size:cover;-moz-background-size:cover;-o-background-size:cover;background-size:cover;padding: 0px 0px 0px 0px;\"><div class=\"fusion-text fusion-text-1\"><h4><strong><i class=\"fb-icon-element-1 fb-icon-element fontawesome-icon fa-users fas circle-no fusion-text-flow\" style=\"font-size:18px;margin-right:9px;\"><\/i><style>i.fb-icon-element.fontawesome-icon.fb-icon-element-1{ color: #333333;}i.fb-icon-element.fontawesome-icon.fb-icon-element-1:hover { color: #ffffff;}<\/style>\u00a0Teilnehmerzahl<\/strong><\/h4>\n<hr \/>\n<p>Es sind jeweils kleine Gruppen mit nur 5 Teilnehmern<\/p>\n<h4><strong><i class=\"fb-icon-element-2 fb-icon-element fontawesome-icon fa-clipboard-check fas circle-no fusion-text-flow\" style=\"font-size:18px;margin-right:9px;\"><\/i><style>i.fb-icon-element.fontawesome-icon.fb-icon-element-2{ color: #333333;}i.fb-icon-element.fontawesome-icon.fb-icon-element-2:hover { color: #ffffff;}<\/style>\u00a0Voraussetzungen<\/strong><\/h4>\n<hr \/>\n<p>Die Teilnehmer sollen sichere Schwimmer sein und 200-400m Kraul schwimmen und den Kopf ins Wasser nehmen k\u00f6nnen.<\/p>\n<h4><strong><i class=\"fb-icon-element-3 fb-icon-element fontawesome-icon fa-hourglass-half fas circle-no fusion-text-flow\" style=\"font-size:18px;margin-right:9px;\"><\/i><style>i.fb-icon-element.fontawesome-icon.fb-icon-element-3{ color: #333333;}i.fb-icon-element.fontawesome-icon.fb-icon-element-3:hover { color: #ffffff;}<\/style>\u00a0Dauer<\/strong><\/h4>\n<hr \/>\n<p>5 x 45 Minuten, donnerstags von 20:50 &#8211; 21:35 Uhr im Germeringer Hallenbad<\/p>\n<h4><strong><i class=\"fb-icon-element-4 fb-icon-element fontawesome-icon fa-euro-sign fas circle-no fusion-text-flow\" style=\"font-size:18px;margin-right:9px;\"><\/i><style>i.fb-icon-element.fontawesome-icon.fb-icon-element-4{ color: #333333;}i.fb-icon-element.fontawesome-icon.fb-icon-element-4:hover { color: #ffffff;}<\/style>\u00a0Kosten<\/strong><\/h4>\n<hr \/>\n<p>90,00 \u20ac (beinhaltet Eintritt ins Bad und Versicherung)<\/p>\n<h4><i class=\"fb-icon-element-5 fb-icon-element fontawesome-icon fa-exclamation fas circle-no fusion-text-flow\" style=\"font-size:18px;margin-right:9px;\"><\/i><style>i.fb-icon-element.fontawesome-icon.fb-icon-element-5{ color: #333333;}i.fb-icon-element.fontawesome-icon.fb-icon-element-5:hover { color: #ffffff;}<\/style>\u00a0Sonstiges<\/h4>\n<hr \/>\n<p>Durchgef\u00fchrt werden die Kurse von unseren erfahrenen und qualifizierten Trainer\/-innen in kleinen und effektiven Gruppen.<\/p>\n<p>Anmeldungen (f\u00fcr die Warteliste) \u00fcber die Gesch\u00e4ftsstelle per Mail an ssg@neptun-germering.de<\/p>\n<p><strong>ACHTUNG ! Da wir w\u00e4hrend der Hallenbadrenovierung keine Kurse durchf\u00fchren konnten und die Warteliste sehr lang ist, nehmen wir baw keine neuen Anmeldungen mehr entgegen.<\/strong><\/p>\n<\/div><div class=\"fusion-clearfix\"><\/div><\/div><\/div><\/div><\/div>\n","protected":false},"excerpt":{"rendered":"","protected":false},"author":1,"featured_media":0,"parent":49,"menu_order":0,"comment_status":"closed","ping_status":"closed","template":"","meta":{"footnotes":""},"class_list":["post-1707","page","type-page","status-publish","hentry"],"_links":{"self":[{"href":"https:\/\/neptun-germering.de\/SSG_2017\/wp-json\/wp\/v2\/pages\/1707","targetHints":{"allow":["GET"]}}],"collection":[{"href":"https:\/\/neptun-germering.de\/SSG_2017\/wp-json\/wp\/v2\/pages"}],"about":[{"href":"https:\/\/neptun-germering.de\/SSG_2017\/wp-json\/wp\/v2\/types\/page"}],"author":[{"embeddable":true,"href":"https:\/\/neptun-germering.de\/SSG_2017\/wp-json\/wp\/v2\/users\/1"}],"replies":[{"embeddable":true,"href":"https:\/\/neptun-germering.de\/SSG_2017\/wp-json\/wp\/v2\/comments?post=1707"}],"version-history":[{"count":5,"href":"https:\/\/neptun-germering.de\/SSG_2017\/wp-json\/wp\/v2\/pages\/1707\/revisions"}],"predecessor-version":[{"id":5588,"href":"https:\/\/neptun-germering.de\/SSG_2017\/wp-json\/wp\/v2\/pages\/1707\/revisions\/5588"}],"up":[{"embeddable":true,"href":"https:\/\/neptun-germering.de\/SSG_2017\/wp-json\/wp\/v2\/pages\/49"}],"wp:attachment":[{"href":"https:\/\/neptun-germering.de\/SSG_2017\/wp-json\/wp\/v2\/media?parent=1707"}],"curies":[{"name":"wp","href":"https:\/\/api.w.org\/{rel}","templated":true}]}}